{"id":782,"date":"2026-03-23T14:15:58","date_gmt":"2026-03-23T13:15:58","guid":{"rendered":"https:\/\/demo2.nexago.fr\/axiess\/?page_id=782"},"modified":"2026-03-26T14:37:51","modified_gmt":"2026-03-26T13:37:51","slug":"acpr-amf-cnil-afa","status":"publish","type":"page","link":"https:\/\/demo2.nexago.fr\/axiess\/domaines-de-pratique\/acpr-amf-cnil-afa\/","title":{"rendered":"ACPR AMF CNIL AFA"},"content":{"rendered":"<p><div class=\"fusion-fullwidth fullwidth-box fusion-builder-row-1 fusion-flex-container has-pattern-background has-mask-background nonhundred-percent-fullwidth non-hundred-percent-height-scrolling\" style=\"--awb-border-radius-top-left:0px;--awb-border-radius-top-right:0px;--awb-border-radius-bottom-right:0px;--awb-border-radius-bottom-left:0px;--awb-padding-top:200px;--awb-min-height:80vh;--awb-background-image:linear-gradient(270deg, var(--awb-color4) 28%,var(--awb-color1) 0%);--awb-flex-wrap:wrap;\" ><div class=\"fusion-builder-row fusion-row fusion-flex-align-items-flex-start fusion-flex-align-content-center fusion-flex-content-wrap\" style=\"max-width:1248px;margin-left: calc(-4% \/ 2 );margin-right: calc(-4% \/ 2 );\"><div class=\"fusion-layout-column fusion_builder_column fusion-builder-column-0 fusion_builder_column_3_4 3_4 fusion-flex-column\" style=\"--awb-bg-size:cover;--awb-width-large:75%;--awb-margin-top-large:0px;--awb-spacing-right-large:2.56%;--awb-margin-bottom-large:20px;--awb-spacing-left-large:1.792%;--awb-width-medium:75%;--awb-order-medium:0;--awb-spacing-right-medium:2.56%;--awb-spacing-left-medium:1.792%;--awb-width-small:100%;--awb-order-small:0;--awb-spacing-right-small:1.92%;--awb-spacing-left-small:1.92%;\"><div class=\"fusion-column-wrapper fusion-column-has-shadow fusion-flex-justify-content-flex-start fusion-content-layout-column\"><div class=\"fusion-title title fusion-title-1 fusion-sep-none fusion-title-text fusion-title-size-one\" style=\"--awb-text-color:var(--awb-color3);--awb-margin-top-small:10px;--awb-margin-right-small:0px;--awb-margin-bottom-small:10px;--awb-margin-left-small:0px;\"><h1 class=\"fusion-title-heading title-heading-left fusion-responsive-typography-calculated\" style=\"font-family:&quot;Gotham - Light&quot;;font-style:normal;font-weight:400;margin:0;text-transform:none;--fontSize:64;line-height:var(--awb-typography1-line-height);\">ACPR AMF CNIL AFA<\/h1><\/div><div class=\"fusion-text fusion-text-1\" style=\"--awb-text-color:var(--awb-color3);--awb-text-font-family:&quot;Gotham - Light&quot;;--awb-text-font-style:normal;--awb-text-font-weight:400;\"><p>Nous accompagnons les \u00e9tablissements contr\u00f4l\u00e9s (assurance, banque, courtiers, interm\u00e9diaires (CIF, IOBSP, IAS) avant, pendant et apr\u00e8s un contr\u00f4le des autorit\u00e9s ACPR \/ AMF \/ AFA \/ CNIL : assistance op\u00e9rationnelle, diagnostic, r\u00e9ponses \u00e0 l\u2019Autorit\u00e9 de contr\u00f4le et plan de rem\u00e9diation complet. <\/p>\n<p>Nous vous apportons notre expertise r\u00e9glementaire mais \u00e9galement notre exp\u00e9rience des pratiques de place et notre connaissance des exigences des autorit\u00e9s de contr\u00f4le. <\/p>\n<p>Nous avons d\u00e9j\u00e0 accompagn\u00e9 plusieurs professionnels. Les r\u00e9sultats ont \u00e9t\u00e9 concluents. Nous pouvons mobiliser rapidement une \u00e9quipe au besoin. <\/p>\n<p>AXIESS assiste aux r\u00e9unions de place, organise des conf\u00e9rences auxquelles participent parfois les autorit\u00e9s de contr\u00f4le. Enfin, lors de nos missions, nous pouvons r\u00e9guli\u00e8rement \u00eatre amen\u00e9s \u00e0 \u00e9changer avec des contr\u00f4leurs des autorit\u00e9s. Ce sont autant d\u2019atouts que nous mobilisons pour r\u00e9pondre efficacement \u00e0 votre besoin.  <\/p>\n<\/div><\/div><\/div><\/div><\/div><div id=\"contact\" class=\"fusion-container-anchor\"><div class=\"fusion-fullwidth fullwidth-box fusion-builder-row-2 fusion-flex-container has-pattern-background has-mask-background fusion-parallax-none hundred-percent-fullwidth non-hundred-percent-height-scrolling\" style=\"--awb-background-blend-mode:screen;--awb-border-radius-top-left:0px;--awb-border-radius-top-right:0px;--awb-border-radius-bottom-right:0px;--awb-border-radius-bottom-left:0px;--awb-padding-bottom:125px;--awb-background-color:rgba(244,241,222,0.58);--awb-background-image:url(&quot;https:\/\/demo2.nexago.fr\/axiess\/wp-content\/uploads\/2025\/04\/AdobeStock_320837783.jpeg&quot;);--awb-background-size:cover;--awb-flex-wrap:wrap;\" ><div class=\"fusion-builder-row fusion-row fusion-flex-align-items-flex-start fusion-flex-justify-content-flex-end fusion-flex-content-wrap\" style=\"width:104% !important;max-width:104% !important;margin-left: calc(-4% \/ 2 );margin-right: calc(-4% \/ 2 );\"><div class=\"fusion-layout-column fusion_builder_column fusion-builder-column-1 fusion-flex-column fusion-flex-align-self-stretch\" style=\"--awb-padding-top:130px;--awb-padding-right:126px;--awb-padding-top-small:45px;--awb-padding-right-small:0px;--awb-bg-size:cover;--awb-width-large:75%;--awb-margin-top-large:0px;--awb-spacing-right-large:0%;--awb-margin-bottom-large:0px;--awb-spacing-left-large:0%;--awb-width-medium:75%;--awb-order-medium:0;--awb-spacing-right-medium:0%;--awb-spacing-left-medium:0%;--awb-width-small:100%;--awb-order-small:0;--awb-spacing-right-small:1.92%;--awb-spacing-left-small:1.92%;\"><div class=\"fusion-column-wrapper fusion-column-has-shadow fusion-flex-justify-content-flex-end fusion-content-layout-column\"><div class=\"fusion-title title fusion-title-2 fusion-sep-none fusion-title-text fusion-title-size-three\" style=\"--awb-text-color:var(--awb-color3);--awb-margin-bottom:0px;--awb-margin-left:20px;--awb-margin-top-small:10px;--awb-margin-right-small:0px;--awb-margin-bottom-small:10px;--awb-margin-left-small:0px;\"><h3 class=\"fusion-title-heading title-heading-left fusion-responsive-typography-calculated\" style=\"font-family:&quot;Gotham - Medium&quot;;font-style:normal;font-weight:400;margin:0;--fontSize:36;line-height:var(--awb-typography1-line-height);\">D\u00e9marrez votre croissance en toute conformit\u00e9<\/h3><\/div><div class=\"fusion-title title fusion-title-3 fusion-sep-none fusion-title-text fusion-title-size-two\" style=\"--awb-text-color:var(--awb-color4);--awb-margin-top:0px;--awb-margin-bottom:40px;--awb-margin-left:20px;--awb-margin-top-small:10px;--awb-margin-right-small:0px;--awb-margin-bottom-small:10px;--awb-margin-left-small:0px;\"><h2 class=\"fusion-title-heading title-heading-left fusion-responsive-typography-calculated\" style=\"font-family:&quot;Gotham - Light&quot;;font-style:normal;font-weight:400;margin:0;--fontSize:48;line-height:var(--awb-typography1-line-height);\">Prenez contact avec notre \u00e9quipe<\/h2><\/div><div class=\"fusion-form fusion-form-builder fusion-form-form-wrapper fusion-form-221\" style=\"--awb-tooltip-text-color:#ffffff;--awb-tooltip-background-color:#333333;--awb-form-placeholder-color:hsla(var(--awb-color3-h),var(--awb-color3-s),var(--awb-color3-l),calc(var(--awb-color3-a) - 50%));--awb-form-text-color:var(--awb-color3);--awb-form-label-color:var(--awb-color3);\" data-form-id=\"221\" data-config=\"{&quot;form_id&quot;:&quot;221&quot;,&quot;form_post_id&quot;:&quot;221&quot;,&quot;post_id&quot;:782,&quot;form_type&quot;:&quot;ajax&quot;,&quot;confirmation_type&quot;:&quot;message&quot;,&quot;redirect_url&quot;:&quot;&quot;,&quot;redirect_timeout&quot;:&quot;0&quot;,&quot;field_labels&quot;:{&quot;nom&quot;:&quot;Votre nom&quot;,&quot;mail&quot;:&quot;Votre mail&quot;,&quot;votre_telephone&quot;:&quot;Votre t\\u00e9l\\u00e9phone&quot;,&quot;vous_nous_contactez_pour&quot;:&quot;Vous nous contactez pour&quot;,&quot;votre_message&quot;:&quot;Votre message&quot;,&quot;&quot;:&quot;&quot;},&quot;field_logics&quot;:{&quot;nom&quot;:&quot;&quot;,&quot;mail&quot;:&quot;&quot;,&quot;votre_telephone&quot;:&quot;&quot;,&quot;vous_nous_contactez_pour&quot;:&quot;&quot;,&quot;votre_message&quot;:&quot;&quot;,&quot;&quot;:&quot;&quot;,&quot;submit_1&quot;:&quot;&quot;,&quot;notice_1&quot;:&quot;&quot;},&quot;field_types&quot;:{&quot;nom&quot;:&quot;text&quot;,&quot;mail&quot;:&quot;email&quot;,&quot;votre_telephone&quot;:&quot;phone_number&quot;,&quot;vous_nous_contactez_pour&quot;:&quot;select&quot;,&quot;votre_message&quot;:&quot;textarea&quot;,&quot;&quot;:&quot;consent&quot;,&quot;submit_1&quot;:&quot;submit&quot;,&quot;recaptcha_1&quot;:&quot;recaptcha&quot;,&quot;notice_1&quot;:&quot;notice&quot;},&quot;nonce_method&quot;:&quot;ajax&quot;,&quot;form_views&quot;:&quot;&quot;,&quot;form_views_counting&quot;:&quot;&quot;}\"><form action=\"https:\/\/demo2.nexago.fr\/axiess\/domaines-de-pratique\/acpr-amf-cnil-afa\/\" method=\"post\" class=\"fusion-form fusion-form-221\"><div class=\"fusion-fullwidth fullwidth-box fusion-builder-row-2-1 fusion-flex-container has-pattern-background has-mask-background nonhundred-percent-fullwidth non-hundred-percent-height-scrolling\" style=\"--link_hover_color: var(--awb-color4);--link_color: var(--awb-color5);--awb-border-radius-top-left:0px;--awb-border-radius-top-right:0px;--awb-border-radius-bottom-right:0px;--awb-border-radius-bottom-left:0px;--awb-flex-wrap:wrap;\" ><div class=\"fusion-builder-row fusion-row fusion-flex-align-items-flex-start fusion-flex-content-wrap\" style=\"width:104% !important;max-width:104% !important;margin-left: calc(-4% \/ 2 );margin-right: calc(-4% \/ 2 );\"><div class=\"fusion-layout-column fusion_builder_column fusion-builder-column-2 fusion_builder_column_1_2 1_2 fusion-flex-column\" style=\"--awb-bg-size:cover;--awb-width-large:50%;--awb-flex-grow:0;--awb-flex-shrink:0;--awb-margin-top-large:0px;--awb-spacing-right-large:3.84%;--awb-margin-bottom-large:20px;--awb-spacing-left-large:3.84%;--awb-width-medium:50%;--awb-order-medium:0;--awb-flex-grow-medium:0;--awb-flex-shrink-medium:0;--awb-spacing-right-medium:3.84%;--awb-spacing-left-medium:3.84%;--awb-width-small:100%;--awb-order-small:0;--awb-flex-grow-small:0;--awb-flex-shrink-small:0;--awb-spacing-right-small:1.92%;--awb-spacing-left-small:1.92%;\"><div class=\"fusion-column-wrapper fusion-column-has-shadow fusion-flex-justify-content-flex-start fusion-content-layout-column\"><div class=\"fusion-form-field fusion-form-text-field fusion-form-label-above\" style=\"\" data-form-id=\"221\"><div class=\"fusion-form-label-wrapper\"><label for=\"nom\">Votre nom <abbr class=\"fusion-form-element-required\" title=\"required\">*<\/abbr><\/label><\/div><input type=\"text\" autocomplete=\"off\"  data-empty-notice=\"Veuillez renseigner votre nom\" name=\"nom\" id=\"nom\" value=\"\"  class=\"fusion-form-input\" required=\"true\" aria-required=\"true\" data-holds-private-data=\"false\" minlength=\"0\"\/><\/div><\/div><\/div><div class=\"fusion-layout-column fusion_builder_column fusion-builder-column-3 fusion_builder_column_1_3 1_3 fusion-flex-column\" style=\"--awb-bg-size:cover;--awb-width-large:33.333333333333%;--awb-flex-grow:0;--awb-flex-shrink:0;--awb-margin-top-large:0px;--awb-spacing-right-large:5.76%;--awb-margin-bottom-large:20px;--awb-spacing-left-large:5.76%;--awb-width-medium:33.333333333333%;--awb-order-medium:0;--awb-flex-grow-medium:0;--awb-flex-shrink-medium:0;--awb-spacing-right-medium:5.76%;--awb-spacing-left-medium:5.76%;--awb-width-small:100%;--awb-order-small:0;--awb-flex-grow-small:0;--awb-flex-shrink-small:0;--awb-spacing-right-small:1.92%;--awb-spacing-left-small:1.92%;\"><div class=\"fusion-column-wrapper fusion-column-has-shadow fusion-flex-justify-content-flex-start fusion-content-layout-column\"><div class=\"fusion-form-field fusion-form-email-field fusion-form-label-above\" style=\"\" data-form-id=\"221\"><div class=\"fusion-form-label-wrapper\"><label for=\"mail\">Votre mail <abbr class=\"fusion-form-element-required\" title=\"required\">*<\/abbr><\/label><\/div><input type=\"email\" autocomplete=\"off\"  data-empty-notice=\"Veuillez renseigner votre mail\" name=\"mail\" id=\"mail\" value=\"\"  class=\"fusion-form-input\" required=\"true\" aria-required=\"true\" data-holds-private-data=\"false\"\/><\/div><\/div><\/div><div class=\"fusion-layout-column fusion_builder_column fusion-builder-column-4 fusion_builder_column_1_3 1_3 fusion-flex-column\" style=\"--awb-bg-size:cover;--awb-width-large:33.333333333333%;--awb-flex-grow:0;--awb-flex-shrink:0;--awb-margin-top-large:0px;--awb-spacing-right-large:5.76%;--awb-margin-bottom-large:20px;--awb-spacing-left-large:5.76%;--awb-width-medium:33.333333333333%;--awb-order-medium:0;--awb-flex-grow-medium:0;--awb-flex-shrink-medium:0;--awb-spacing-right-medium:5.76%;--awb-spacing-left-medium:5.76%;--awb-width-small:100%;--awb-order-small:0;--awb-flex-grow-small:0;--awb-flex-shrink-small:0;--awb-spacing-right-small:1.92%;--awb-spacing-left-small:1.92%;\"><div class=\"fusion-column-wrapper fusion-column-has-shadow fusion-flex-justify-content-flex-start fusion-content-layout-column\"><div class=\"fusion-form-field fusion-form-phone-number-field fusion-form-label-above\" style=\"\" data-form-id=\"221\"><div class=\"fusion-form-label-wrapper\"><label for=\"votre_telephone\">Votre t\u00e9l\u00e9phone <abbr class=\"fusion-form-element-required\" title=\"required\">*<\/abbr><\/label><\/div><div class=\"fusion-form-input-with-icon\"><i class=\"awb-form-icon fa-phone-square-alt fas\"><\/i><input type=\"tel\" autocomplete=\"off\"  data-empty-notice=\"Veuillez renseigner votre num\u00e9ro de t\u00e9l\u00e9phone\" name=\"votre_telephone\" id=\"votre_telephone\" value=\"\"  class=\"fusion-form-input\" required=\"true\" aria-required=\"true\" data-holds-private-data=\"false\"\/><\/div><\/div><\/div><\/div><div class=\"fusion-layout-column fusion_builder_column fusion-builder-column-5 fusion-flex-column\" style=\"--awb-bg-size:cover;--awb-width-large:50%;--awb-flex-grow:0;--awb-flex-shrink:0;--awb-margin-top-large:0px;--awb-spacing-right-large:3.84%;--awb-margin-bottom-large:20px;--awb-spacing-left-large:3.84%;--awb-width-medium:50%;--awb-order-medium:0;--awb-flex-grow-medium:0;--awb-flex-shrink-medium:0;--awb-spacing-right-medium:3.84%;--awb-spacing-left-medium:3.84%;--awb-width-small:100%;--awb-order-small:0;--awb-flex-grow-small:0;--awb-flex-shrink-small:0;--awb-spacing-right-small:1.92%;--awb-spacing-left-small:1.92%;\"><div class=\"fusion-column-wrapper fusion-column-has-shadow fusion-flex-justify-content-flex-start fusion-content-layout-column\"><div class=\"fusion-form-field fusion-form-select-field fusion-form-label-above\" style=\"\" data-form-id=\"221\"><label for=\"vous_nous_contactez_pour\">Vous nous contactez pour <abbr class=\"fusion-form-element-required\" title=\"required\">*<\/abbr><\/label><div class=\"fusion-select-wrapper\"><select autocomplete=\"off\" data-empty-notice=\"Veuillez s\u00e9lectionner un motif\" tabindex=\"\" id=\"vous_nous_contactez_pour\" name=\"vous_nous_contactez_pour\" class=\"fusion-form-input\" required=\"true\" aria-required=\"true\" data-holds-private-data=\"false\"><option value=\"Conformit\u00e9 r\u00e9glementaire\" >Conformit\u00e9 r\u00e9glementaire<\/option><option value=\"Conduite du changement\" >Conduite du changement<\/option><option value=\"Contr\u00f4le et gestion des risques\" >Contr\u00f4le et gestion des risques<\/option><option value=\"Protection des donn\u00e9es personnelles\" >Protection des donn\u00e9es personnelles<\/option><option value=\"ACPR AMF CNIL AFA\" >ACPR AMF CNIL AFA<\/option><option value=\"Formation et sensibilisation\" >Formation et sensibilisation<\/option><option value=\"Autres\" >Autres<\/option><\/select><div class=\"select-arrow\"><svg width=\"12\" height=\"8\" viewBox=\"0 0 12 8\" fill=\"none\" xmlns=\"http:\/\/www.w3.org\/2000\/svg\"> <path d=\"M1.5 1.75L6 6.25L10.5 1.75\" stroke=\"#6D6D6D\" stroke-width=\"2\" stroke-linecap=\"round\" stroke-linejoin=\"round\"\/> <\/svg><\/div><\/div><\/div><\/div><\/div><div class=\"fusion-layout-column fusion_builder_column fusion-builder-column-6 fusion-flex-column\" style=\"--awb-bg-size:cover;--awb-width-large:83.33%;--awb-flex-grow:0;--awb-flex-shrink:0;--awb-margin-top-large:0px;--awb-spacing-right-large:2.3040921636865%;--awb-margin-bottom-large:20px;--awb-spacing-left-large:2.3040921636865%;--awb-width-medium:83.33%;--awb-order-medium:0;--awb-flex-grow-medium:0;--awb-flex-shrink-medium:0;--awb-spacing-right-medium:2.3040921636865%;--awb-spacing-left-medium:2.3040921636865%;--awb-width-small:100%;--awb-order-small:0;--awb-flex-grow-small:0;--awb-flex-shrink-small:0;--awb-spacing-right-small:1.92%;--awb-spacing-left-small:1.92%;\"><div class=\"fusion-column-wrapper fusion-column-has-shadow fusion-flex-justify-content-flex-start fusion-content-layout-column\"><div class=\"fusion-form-field fusion-form-textarea-field fusion-form-label-above\" style=\"\" data-form-id=\"221\"><label for=\"votre_message\">Votre message<\/label><textarea cols=\"40\" autocomplete=\"off\"  minlength=\"0\"  rows=\"2\" tabindex=\"\" id=\"votre_message\" name=\"votre_message\" class=\"fusion-form-input\" data-holds-private-data=\"false\"><\/textarea><\/div><div class=\"fusion-form-field fusion-form-consent-field fusion-form-label-above\" style=\"\" data-form-id=\"221\"><div class=\"fusion-form-checkbox option-inline\"><input tabindex=\"\" id=\"\" type=\"checkbox\" value=\"1\" name=\"\" class=\"fusion-form-input\"\/><label for=\"\">Je reconnais avoir lu et pris connaissance des termes de la <a href=\"https:\/\/demo2.nexago.fr\/axiess\/politique-de-confidentialite\/\">\n<u>Politique de Confidentialit\u00e9<\/u><\/a>.<\/label><\/div><\/div><div class=\"fusion-text fusion-text-2\" style=\"--awb-text-color:var(--awb-color2);\"><p style=\"color: var(--awb-custom_color_1);\">* Mentions obligatoires.<\/p>\n<\/div>\n<div class=\"fusion-form-field fusion-form-submit-field fusion-form-label-above\" style=\"\" data-form-id=\"221\"><div ><button type=\"submit\" class=\"fusion-button button-flat fusion-button-default-size button-default fusion-button-default button-1 fusion-button-default-span  button-default form-form-submit\" style=\"--button-border-radius-top-left:0;--button-border-radius-top-right:0;--button-border-radius-bottom-right:0;--button-border-radius-bottom-left:0;\" data-form-number=\"221\" tabindex=\"\"><span class=\"fusion-button-text awb-button__text awb-button__text--default\">Envoyer<\/span><\/button><\/div><\/div><div class=\"fusion-form-field fusion-form-recaptcha-field fusion-form-label-above\" style=\"\" data-form-id=\"221\">\t\t\t\t<div class=\"form-creator-recaptcha\" >\n\t\t\t\t\t\t\t\t\t\t\t\t\t<\/div>\n\t\t\t\t<\/div><div class=\"form-submission-notices data-notice_1\" id=\"fusion-notices-1\" data-instance=\"1\"><div class=\"fusion-alert alert success alert-success fusion-alert-center fusion-form-response fusion-form-response-success awb-alert-native-link-color alert-dismissable awb-alert-close-boxed\" role=\"alert\"><div class=\"fusion-alert-content-wrapper\"><span class=\"alert-icon\"><i class=\"awb-icon-check-circle\" aria-hidden=\"true\"><\/i><\/span><span class=\"fusion-alert-content\">Merci pour votre message. Notre \u00e9quipe reviendra vers vous dans les plus brefs d\u00e9lais.<\/span><\/div><button type=\"button\" class=\"close toggle-alert\" data-dismiss=\"alert\" aria-label=\"Close\">&times;<\/button><\/div><div class=\"fusion-alert alert error alert-danger fusion-alert-center fusion-form-response fusion-form-response-error awb-alert-native-link-color alert-dismissable awb-alert-close-boxed\" role=\"alert\"><div class=\"fusion-alert-content-wrapper\"><span class=\"alert-icon\"><i class=\"awb-icon-exclamation-triangle\" aria-hidden=\"true\"><\/i><\/span><span class=\"fusion-alert-content\">Une erreur est survenue et le message n'a pas pu \u00eatre envoy\u00e9. Veuillez r\u00e9it\u00e9rer votre demande de contact. Merci pour votre compr\u00e9hension.<\/span><\/div><button type=\"button\" class=\"close toggle-alert\" data-dismiss=\"alert\" aria-label=\"Close\">&times;<\/button><\/div><\/div><\/div><\/div><\/div><\/div><input type=\"hidden\" name=\"fusion_privacy_expiration_interval\" value=\"48\"><input type=\"hidden\" name=\"privacy_expiration_action\" value=\"anonymize\"><\/form><\/div><\/div><\/div><\/div><\/div><\/div>\n<\/p>\n","protected":false},"excerpt":{"rendered":"","protected":false},"author":1,"featured_media":0,"parent":344,"menu_order":0,"comment_status":"closed","ping_status":"closed","template":"100-width.php","meta":{"_acf_changed":false,"footnotes":""},"class_list":["post-782","page","type-page","status-publish","hentry"],"acf":[],"yoast_head":"<!-- This site is optimized with the Yoast SEO plugin v27.5 - https:\/\/yoast.com\/product\/yoast-seo-wordpress\/ -->\n<title>ACPR AMF CNIL AFA - Axiess<\/title>\n<meta name=\"robots\" content=\"noindex, follow, max-snippet:-1, max-image-preview:large, max-video-preview:-1\" \/>\n<meta property=\"og:locale\" content=\"fr_FR\" \/>\n<meta property=\"og:type\" content=\"article\" \/>\n<meta property=\"og:title\" content=\"ACPR AMF CNIL AFA - Axiess\" \/>\n<meta property=\"og:url\" content=\"https:\/\/demo2.nexago.fr\/axiess\/domaines-de-pratique\/acpr-amf-cnil-afa\/\" \/>\n<meta property=\"og:site_name\" content=\"Axiess\" \/>\n<meta property=\"article:modified_time\" content=\"2026-03-26T13:37:51+00:00\" \/>\n<meta name=\"twitter:card\" content=\"summary_large_image\" \/>\n<meta name=\"twitter:label1\" content=\"Dur\u00e9e de lecture estim\u00e9e\" \/>\n\t<meta name=\"twitter:data1\" content=\"5 minutes\" \/>\n<script type=\"application\/ld+json\" class=\"yoast-schema-graph\">{\"@context\":\"https:\\\/\\\/schema.org\",\"@graph\":[{\"@type\":\"WebPage\",\"@id\":\"https:\\\/\\\/demo2.nexago.fr\\\/axiess\\\/domaines-de-pratique\\\/acpr-amf-cnil-afa\\\/\",\"url\":\"https:\\\/\\\/demo2.nexago.fr\\\/axiess\\\/domaines-de-pratique\\\/acpr-amf-cnil-afa\\\/\",\"name\":\"ACPR AMF CNIL AFA - Axiess\",\"isPartOf\":{\"@id\":\"https:\\\/\\\/demo2.nexago.fr\\\/axiess\\\/#website\"},\"datePublished\":\"2026-03-23T13:15:58+00:00\",\"dateModified\":\"2026-03-26T13:37:51+00:00\",\"breadcrumb\":{\"@id\":\"https:\\\/\\\/demo2.nexago.fr\\\/axiess\\\/domaines-de-pratique\\\/acpr-amf-cnil-afa\\\/#breadcrumb\"},\"inLanguage\":\"fr-FR\",\"potentialAction\":[{\"@type\":\"ReadAction\",\"target\":[\"https:\\\/\\\/demo2.nexago.fr\\\/axiess\\\/domaines-de-pratique\\\/acpr-amf-cnil-afa\\\/\"]}]},{\"@type\":\"BreadcrumbList\",\"@id\":\"https:\\\/\\\/demo2.nexago.fr\\\/axiess\\\/domaines-de-pratique\\\/acpr-amf-cnil-afa\\\/#breadcrumb\",\"itemListElement\":[{\"@type\":\"ListItem\",\"position\":1,\"name\":\"Accueil\",\"item\":\"https:\\\/\\\/demo2.nexago.fr\\\/axiess\\\/\"},{\"@type\":\"ListItem\",\"position\":2,\"name\":\"Domaines de pratique\",\"item\":\"https:\\\/\\\/demo2.nexago.fr\\\/axiess\\\/domaines-de-pratique\\\/\"},{\"@type\":\"ListItem\",\"position\":3,\"name\":\"ACPR AMF CNIL AFA\"}]},{\"@type\":\"WebSite\",\"@id\":\"https:\\\/\\\/demo2.nexago.fr\\\/axiess\\\/#website\",\"url\":\"https:\\\/\\\/demo2.nexago.fr\\\/axiess\\\/\",\"name\":\"Axiess\",\"description\":\"\",\"potentialAction\":[{\"@type\":\"SearchAction\",\"target\":{\"@type\":\"EntryPoint\",\"urlTemplate\":\"https:\\\/\\\/demo2.nexago.fr\\\/axiess\\\/?s={search_term_string}\"},\"query-input\":{\"@type\":\"PropertyValueSpecification\",\"valueRequired\":true,\"valueName\":\"search_term_string\"}}],\"inLanguage\":\"fr-FR\"}]}<\/script>\n<!-- \/ Yoast SEO plugin. -->","yoast_head_json":{"title":"ACPR AMF CNIL AFA - Axiess","robots":{"index":"noindex","follow":"follow","max-snippet":"max-snippet:-1","max-image-preview":"max-image-preview:large","max-video-preview":"max-video-preview:-1"},"og_locale":"fr_FR","og_type":"article","og_title":"ACPR AMF CNIL AFA - Axiess","og_url":"https:\/\/demo2.nexago.fr\/axiess\/domaines-de-pratique\/acpr-amf-cnil-afa\/","og_site_name":"Axiess","article_modified_time":"2026-03-26T13:37:51+00:00","twitter_card":"summary_large_image","twitter_misc":{"Dur\u00e9e de lecture estim\u00e9e":"5 minutes"},"schema":{"@context":"https:\/\/schema.org","@graph":[{"@type":"WebPage","@id":"https:\/\/demo2.nexago.fr\/axiess\/domaines-de-pratique\/acpr-amf-cnil-afa\/","url":"https:\/\/demo2.nexago.fr\/axiess\/domaines-de-pratique\/acpr-amf-cnil-afa\/","name":"ACPR AMF CNIL AFA - Axiess","isPartOf":{"@id":"https:\/\/demo2.nexago.fr\/axiess\/#website"},"datePublished":"2026-03-23T13:15:58+00:00","dateModified":"2026-03-26T13:37:51+00:00","breadcrumb":{"@id":"https:\/\/demo2.nexago.fr\/axiess\/domaines-de-pratique\/acpr-amf-cnil-afa\/#breadcrumb"},"inLanguage":"fr-FR","potentialAction":[{"@type":"ReadAction","target":["https:\/\/demo2.nexago.fr\/axiess\/domaines-de-pratique\/acpr-amf-cnil-afa\/"]}]},{"@type":"BreadcrumbList","@id":"https:\/\/demo2.nexago.fr\/axiess\/domaines-de-pratique\/acpr-amf-cnil-afa\/#breadcrumb","itemListElement":[{"@type":"ListItem","position":1,"name":"Accueil","item":"https:\/\/demo2.nexago.fr\/axiess\/"},{"@type":"ListItem","position":2,"name":"Domaines de pratique","item":"https:\/\/demo2.nexago.fr\/axiess\/domaines-de-pratique\/"},{"@type":"ListItem","position":3,"name":"ACPR AMF CNIL AFA"}]},{"@type":"WebSite","@id":"https:\/\/demo2.nexago.fr\/axiess\/#website","url":"https:\/\/demo2.nexago.fr\/axiess\/","name":"Axiess","description":"","potentialAction":[{"@type":"SearchAction","target":{"@type":"EntryPoint","urlTemplate":"https:\/\/demo2.nexago.fr\/axiess\/?s={search_term_string}"},"query-input":{"@type":"PropertyValueSpecification","valueRequired":true,"valueName":"search_term_string"}}],"inLanguage":"fr-FR"}]}},"_links":{"self":[{"href":"https:\/\/demo2.nexago.fr\/axiess\/wp-json\/wp\/v2\/pages\/782","targetHints":{"allow":["GET"]}}],"collection":[{"href":"https:\/\/demo2.nexago.fr\/axiess\/wp-json\/wp\/v2\/pages"}],"about":[{"href":"https:\/\/demo2.nexago.fr\/axiess\/wp-json\/wp\/v2\/types\/page"}],"author":[{"embeddable":true,"href":"https:\/\/demo2.nexago.fr\/axiess\/wp-json\/wp\/v2\/users\/1"}],"replies":[{"embeddable":true,"href":"https:\/\/demo2.nexago.fr\/axiess\/wp-json\/wp\/v2\/comments?post=782"}],"version-history":[{"count":4,"href":"https:\/\/demo2.nexago.fr\/axiess\/wp-json\/wp\/v2\/pages\/782\/revisions"}],"predecessor-version":[{"id":936,"href":"https:\/\/demo2.nexago.fr\/axiess\/wp-json\/wp\/v2\/pages\/782\/revisions\/936"}],"up":[{"embeddable":true,"href":"https:\/\/demo2.nexago.fr\/axiess\/wp-json\/wp\/v2\/pages\/344"}],"wp:attachment":[{"href":"https:\/\/demo2.nexago.fr\/axiess\/wp-json\/wp\/v2\/media?parent=782"}],"curies":[{"name":"wp","href":"https:\/\/api.w.org\/{rel}","templated":true}]}}