{"id":388,"date":"2025-06-18T11:39:39","date_gmt":"2025-06-18T11:39:39","guid":{"rendered":"https:\/\/demo2.nexago.fr\/axiess\/?page_id=388"},"modified":"2026-03-24T16:59:53","modified_gmt":"2026-03-24T15:59:53","slug":"politique-de-confidentialite","status":"publish","type":"page","link":"https:\/\/demo2.nexago.fr\/axiess\/politique-de-confidentialite\/","title":{"rendered":"Politique de confidentialit\u00e9"},"content":{"rendered":"<div class=\"fusion-fullwidth fullwidth-box fusion-builder-row-1 fusion-flex-container nonhundred-percent-fullwidth non-hundred-percent-height-scrolling\" style=\"--awb-border-radius-top-left:0px;--awb-border-radius-top-right:0px;--awb-border-radius-bottom-right:0px;--awb-border-radius-bottom-left:0px;--awb-flex-wrap:wrap;\" ><div class=\"fusion-builder-row fusion-row fusion-flex-align-items-flex-start fusion-flex-content-wrap\" style=\"max-width:1248px;margin-left: calc(-4% \/ 2 );margin-right: calc(-4% \/ 2 );\"><div class=\"fusion-layout-column fusion_builder_column fusion-builder-column-0 fusion_builder_column_1_1 1_1 fusion-flex-column\" style=\"--awb-bg-blend:overlay;--awb-bg-size:cover;--awb-width-large:100%;--awb-margin-top-large:0px;--awb-spacing-right-large:1.92%;--awb-margin-bottom-large:0px;--awb-spacing-left-large:1.92%;--awb-width-medium:100%;--awb-spacing-right-medium:1.92%;--awb-spacing-left-medium:1.92%;--awb-width-small:100%;--awb-spacing-right-small:1.92%;--awb-spacing-left-small:1.92%;\"><div class=\"fusion-column-wrapper fusion-flex-justify-content-flex-start fusion-content-layout-column\"><div class=\"fusion-text fusion-text-1\" style=\"--awb-margin-top:150px;\"><p><strong><u>PRESENTATION DU SITE INTERNET<\/u><\/strong><\/p>\n<p>En vertu de l\u2019article 6 de la loi n\u00b0 2004-575 du 21 juin 2004 pour la confiance dans l\u2019\u00e9conomie num\u00e9rique, il est pr\u00e9cis\u00e9 aux utilisateurs du site <a href=\"https:\/\/www.axiess.fr\/\">https:\/\/www.axiess.fr\/<\/a> l\u2019identit\u00e9 des diff\u00e9rents intervenants dans le cadre de sa r\u00e9alisation et de son suivi :<\/p>\n<p><strong>Edition : <\/strong>Le site est celui d\u2019AXIESS, Soci\u00e9t\u00e9 par Actions Simplifi\u00e9e, au capital de 20 000 euros dont le si\u00e8ge social est situ\u00e9 au 1 rue du Landsberg 67210 OBERNAI, immatricul\u00e9e au RCS de SAVERNE sous le num\u00e9ro 832 851 042, repr\u00e9sent\u00e9e par Madame Cindy RUBAL HOYER. T\u00e9l : +33 (0)6 71 88 64 44<\/p>\n<p><strong>Cr\u00e9ateur<\/strong> : <a href=\"https:\/\/nexago.fr\/\" target=\"_blank\" rel=\"noopener noreferrer\">NEXAGO<\/a><\/p>\n<p><strong>Webmaster<\/strong> : <a href=\"https:\/\/nexago.fr\/\" target=\"_blank\" rel=\"noopener noreferrer\">NEXAGO<\/a><\/p>\n<p><strong>H\u00e9bergeur :<\/strong> Le site <a href=\"https:\/\/www.axiess.fr\/\">https:\/\/www.axiess.fr\/<\/a> est h\u00e9berg\u00e9 par OVH<\/p>\n<p><strong><u>CONDITIONS D\u2019UTILISATION DU SITE<\/u><\/strong><\/p>\n<p>L\u2019utilisation du site <a href=\"https:\/\/www.axiess.fr\/\">https:\/\/www.axiess.fr\/<\/a> implique l\u2019acceptation pleine et enti\u00e8re des conditions g\u00e9n\u00e9rales d\u2019utilisation ci-apr\u00e8s d\u00e9crites. Ces conditions d\u2019utilisation sont susceptibles d\u2019\u00eatre modifi\u00e9es ou compl\u00e9t\u00e9es \u00e0 tout moment, les utilisateurs du site <a href=\"https:\/\/www.axiess.fr\/\">https:\/\/www.axiess.fr\/<\/a> sont donc invit\u00e9s \u00e0 les consulter de mani\u00e8re r\u00e9guli\u00e8re.<\/p>\n<p>Ce site est normalement accessible \u00e0 tout moment aux utilisateurs. Une interruption pour raison de maintenance technique peut \u00eatre toutefois d\u00e9cid\u00e9e par Axiess, qui s\u2019efforcera alors de communiquer pr\u00e9alablement aux utilisateurs les dates et heures de l\u2019intervention.<\/p>\n<p>Le site <a href=\"https:\/\/www.axiess.fr\/\">https:\/\/www.axiess.fr\/<\/a> est mis \u00e0 jour r\u00e9guli\u00e8rement par AXIESS. De la m\u00eame fa\u00e7on, les mentions l\u00e9gales peuvent \u00eatre modifi\u00e9es \u00e0 tout moment : elles s\u2019imposent n\u00e9anmoins \u00e0 l\u2019utilisateur qui est invit\u00e9 \u00e0 s\u2019y r\u00e9f\u00e9rer le plus souvent possible afin d\u2019en avoir une connaissance actualis\u00e9e.<\/p>\n<p><strong><u>PROPRIETE INTELLECTUELLE ET CONTREFACON<\/u><\/strong><\/p>\n<p>AXIESS est propri\u00e9taire des droits de propri\u00e9t\u00e9 intellectuelle ou d\u00e9tient les droits d\u2019usage sur tous les \u00e9l\u00e9ments accessibles sur le site, notamment les textes, images, graphismes, logo, ic\u00f4nes, sons, logiciels.<\/p>\n<p>Toute reproduction, repr\u00e9sentation, modification, publication, adaptation de tout ou partie des \u00e9l\u00e9ments du site, quel que soit le moyen ou le proc\u00e9d\u00e9 utilis\u00e9, est interdite, sauf autorisation \u00e9crite pr\u00e9alable d\u2019AXIESS.<\/p>\n<p>Toute exploitation non autoris\u00e9e du site ou de l\u2019un quelconque des \u00e9l\u00e9ments qu\u2019il contient sera consid\u00e9r\u00e9e comme constitutive d\u2019une contrefa\u00e7on et poursuivie conform\u00e9ment aux dispositions des articles L.335-2 et suivants du Code de Propri\u00e9t\u00e9 Intellectuelle.<\/p>\n<p><strong><u>LIMITATIONS DE RESPONSABILIT\u00c9<\/u><\/strong><\/p>\n<p>AXIESS ne pourra \u00eatre tenue responsable des dommages directs et indirects caus\u00e9s au mat\u00e9riel de l\u2019utilisateur, lors de l\u2019acc\u00e8s au site et r\u00e9sultant soit de l\u2019utilisation d\u2019un mat\u00e9riel ne r\u00e9pondant pas aux sp\u00e9cifications soit de l\u2019apparition d\u2019un bug ou d\u2019une incompatibilit\u00e9.<\/p>\n<p>AXIESS ne pourra \u00e9galement \u00eatre tenue responsable des dommages indirects (tels par exemple qu\u2019une perte de march\u00e9 ou perte d\u2019une chance) cons\u00e9cutifs \u00e0 l\u2019utilisation du site <a href=\"https:\/\/www.axiess.fr\/\">https:\/\/www.axiess.fr\/<\/a><\/p>\n<p>Des espaces interactifs (possibilit\u00e9 de poser des questions dans l\u2019espace contact) sont \u00e0 la disposition des utilisateurs. AXIESS se r\u00e9serve le droit de supprimer, sans mise en demeure pr\u00e9alable, tout contenu d\u00e9pos\u00e9 dans cet espace qui contreviendrait \u00e0 la l\u00e9gislation applicable en France, en particulier aux dispositions relatives \u00e0 la protection des donn\u00e9es. Le cas \u00e9ch\u00e9ant, AXIESS se r\u00e9serve \u00e9galement la possibilit\u00e9 de mettre en cause la responsabilit\u00e9 civile et\/ou p\u00e9nale de l\u2019utilisateur, notamment en cas de message \u00e0 caract\u00e8re raciste, injurieux, diffamant, ou pornographique, quel que soit le support utilis\u00e9 (texte, photographie\u2026).<\/p>\n<p>AXIESS peut proposer sur le Site des liens vers des sites tiers. Ces liens sont \u00e9tablis en accord avec les sites concern\u00e9s \u00e0 un moment o\u00f9 AXIESS a pu juger opportun de le faire, compte tenu des contenus et services de ces sites. AXIESS ne pourra \u00eatre tenu responsable du contenu de ces sites et de l\u2019usage qui pourra en \u00eatre fait par ses utilisateurs.<br \/>\nL\u2019existence d\u2019un lien du Site vers un autre site ne constitue pas une recommandation ni une validation de ce site ou de son contenu. Il vous appartient d\u2019utiliser ces informations avec discernement et esprit critique.<\/p>\n<p>Ces sites partenaires sont ind\u00e9pendants du Site AXIESS. Les liens vers ces sites ne constituent en aucune mani\u00e8re une approbation, une validation ou une adh\u00e9sion d\u2019AXIESS au contenu de ces sites ni une association d\u2019AXIESS avec les propri\u00e9taires et\/ou les auteurs, concepteurs, animateurs, gestionnaires ou h\u00e9bergeurs de ces sites.<\/p>\n<p>AXIESS ne saurait d\u00e8s lors \u00eatre tenu pour responsable pour le contenu, les produits, les services, la publicit\u00e9, les cookies ou tous autres \u00e9l\u00e9ments de ces sites ainsi que pour tous dommages ou pertes, av\u00e9r\u00e9s ou all\u00e9gu\u00e9s, cons\u00e9cutifs ou en relation avec l\u2019utilisation des informations, opinions, services ou donn\u00e9es disponibles sur ces sites.<\/p>\n<p><strong><u>CREATION DE LIENS VERS NOTRE SITE<\/u><\/strong><\/p>\n<p>AXIESS autorise la mise en place de liens hypertextes pointant vers le contenu de son site, sous r\u00e9serve de :<\/p>\n<ul class=\"wp-block-list\">\n<li>Demander la cr\u00e9ation d\u2019un lien par courrier postal ou courrier \u00e9lectronique aupr\u00e8s du service communication d\u2019AXIESS.<\/li>\n<li>Ne pas utiliser la technique du lien profond (\u2018deep linking\u2019), c\u2019est-\u00e0-dire que les pages du site ne doivent pas \u00eatre imbriqu\u00e9es \u00e0 l\u2019int\u00e9rieur des pages d\u2019un autre site, mais accessible par l\u2019ouverture d\u2019une fen\u00eatre.<\/li>\n<li>Mentionner la source qui pointera gr\u00e2ce \u00e0 un lien hypertexte directement sur le contenu vis\u00e9.<\/li>\n<\/ul>\n<p>Cette autorisation ne s\u2019applique pas aux sites internet diffusant des informations \u00e0 caract\u00e8re pol\u00e9mique, pornographique, x\u00e9nophobe ou pouvant, dans une plus large mesure porter atteinte \u00e0 la sensibilit\u00e9 du plus grand nombre.<\/p>\n<p>Les informations utilis\u00e9es \u00e0 partir de ce site ne doivent l\u2019\u00eatre qu\u2019\u00e0 des fins personnelles.<\/p>\n<p>Toute utilisation \u00e0 des fins commerciales, publicitaires ou de notori\u00e9t\u00e9 est exclue et est passible de poursuites judiciaires. Pour d\u2019autres utilisations, veuillez nous consulter.<\/p>\n<p><strong>POLITIQUE DE CONFIDENTIALITE<\/strong><\/p>\n<p>La pr\u00e9sente politique de confidentialit\u00e9 d\u00e9taille la fa\u00e7on dont la soci\u00e9t\u00e9 AXIESS SAS recueille et traite vos donn\u00e9es personnelles.<\/p>\n<p>Conform\u00e9ment \u00e0 la loi n\u00b0 78-18 du 6 janvier 1978 modifi\u00e9e relative \u00e0 l\u2018informatique, aux fichiers et aux libert\u00e9s dans sa version consolid\u00e9e (ci-apr\u00e8s, la \u00ab Loi Informatique et Libert\u00e9s \u00bb) et au R\u00e8glement (UE) 2016\/679 du Parlement europ\u00e9en et du Conseil du 27 avril 2016 relatif \u00e0 la protection des personnes physiques \u00e0 l\u2019\u00e9gard du traitement des donn\u00e9es \u00e0 caract\u00e8re personnel et \u00e0 la libre circulation de ces donn\u00e9es (\u00ab RGPD \u00bb), les donn\u00e9es \u00e0 caract\u00e8re personnel se d\u00e9finissent comme toute information se rapportant \u00e0 une personne physique identifi\u00e9 ou qui peut \u00eatre identifi\u00e9e directement ou indirectement.<\/p>\n<p><strong>QUI RECCUEILLE VOS DONNEES ?<\/strong><\/p>\n<p>AXIESS et\/ou AXIESS FORMATION (pour les formations sollicit\u00e9es), SAS au capital de 20 000 euros, dont le si\u00e8ge social est situ\u00e9 au 1 rue due Landsberg 67210 OBERNAI, immatricul\u00e9e au RCS de SAVERNE sous le num\u00e9ro 832 851 042, ayant la qualit\u00e9 de responsable de traitement au sens de la r\u00e8glementation applicable en mati\u00e8re de protection des donn\u00e9es \u00e0 caract\u00e8re personnel, traite les donn\u00e9es \u00e0 caract\u00e8re personnel vous concernant (ci-apr\u00e8s, vos \u00ab Donn\u00e9es \u00bb).<\/p>\n<p><strong>QUAND ET POURQUOI NOUS RECUEILLONS VOS DONNEES ?<\/strong><\/p>\n<p>Les services d\u2019AXIESS et\/ou AXIESS FORMATION (pour la formation uniquement) sont amen\u00e9s, dans le cadre de leurs activit\u00e9s, \u00e0 mettre en \u0153uvre des traitements en collectant vos Donn\u00e9es \u00e0 partir notamment des sources suivantes :<\/p>\n<ul class=\"wp-block-list\">\n<li><span style=\"letter-spacing: 0.24px; background-color: rgba(0, 0, 0, 0);\">Le formulaire de contact pour demande d\u2019information<\/span><\/li>\n<li>Les cookies d\u00e9pos\u00e9s ou lus sur votre terminal lors de votre connexion au Site d\u2019AXIESS<\/li>\n<\/ul>\n<p>Dans le cadre de notre relation et r\u00f4le de cabinet de conseil (pour AXIESS) ou d&rsquo;organisme de formation (pour AXIESS FORMATION), nous utilisons tout ou partie des donn\u00e9es \u00e0 caract\u00e8re personnel vous concernant, pour les seules finalit\u00e9s d\u00e9crites ci-dessous :<\/p>\n<ul class=\"wp-block-list\">\n<li><span style=\"letter-spacing: 0.24px; background-color: rgba(0, 0, 0, 0);\">le suivi des demandes de renseignement et\/ou de formations<\/span><\/li>\n<li>vous inviter \u00e0 nos \u00e9v\u00e8nements si vous \u00eates un de nos clients ;<\/li>\n<\/ul>\n<p><strong>QUELLES DONNEES SONT RECUEILLIES ?<\/strong><\/p>\n<p>Les Donn\u00e9es vous concernant et qui sont collect\u00e9es via les formulaires du site d\u2019AXIESS et\/ou d&rsquo;AXIESS FORMATION (pour les formations) ainsi que les cookies et autres traceurs selon vos choix et le param\u00e9trage de votre terminal sont :<\/p>\n<ul class=\"wp-block-list\">\n<li>Nom<\/li>\n<li>Adresse \u00e9lectronique<\/li>\n<li>Num\u00e9ro de t\u00e9l\u00e9phone<\/li>\n<li>Donn\u00e9es personnelles contenues \u00e9ventuellement dans le message de demande de renseignements que vous nous transmettez.<\/li>\n<\/ul>\n<p>Les donn\u00e9es mentionn\u00e9es dans les formulaires de contact par un ast\u00e9risque sont obligatoires pour traiter votre demande de renseignement.<\/p>\n<p><strong>QUI ACCEDE A VOS DONNEES ?<\/strong><\/p>\n<p>Les collaborateurs d\u2019AXIESS et\/ou d&rsquo;AXIESS FORMATION (pour les formations) ont acc\u00e8s \u00e0 vos donn\u00e9es \u00e0 des fins de gestion de votre demande.<\/p>\n<p>Par ailleurs, AXIESS et\/ou AXIESS FORMATION (pour les formations) est susceptible de transmettre ou de donner acc\u00e8s \u00e0 vos Donn\u00e9es pour des raisons exclusivement techniques et logistiques, aux sous-traitant de Donn\u00e9es suivants :<\/p>\n<ul class=\"wp-block-list\">\n<li>Le Prestataire de d\u00e9veloppement, d\u2019h\u00e9bergement et de maintenance du Site ;<\/li>\n<li>Les tiers lorsqu\u2019une telle communication est requise par la loi, une disposition r\u00e8glementaire ou une d\u00e9cision judiciaire ou si cette communication est n\u00e9cessaire pour assurer la protection et la d\u00e9fense des droits d\u2019AXIESS et\/ou d&rsquo;AXIESS FORMATION (pour les formations).<\/li>\n<\/ul>\n<p>En dehors de ces cas, vos Donn\u00e9es ne seront c\u00e9d\u00e9es ou rendues accessibles \u00e0 aucun tiers.<\/p>\n<p>Enfin, vos donn\u00e9es ne font l\u2019objet d\u2019aucun transfert \u00e0 des entit\u00e9s autres qu\u2019AXIESS et\/ou d&rsquo;AXIESS FORMATION (pour les formations) ou en dehors de l\u2019Union Europ\u00e9enne.<\/p>\n<p><strong>COMBIEN DE TEMPS SONT CONSERVEES VOS DONNEES ?<\/strong><\/p>\n<p>Les Donn\u00e9es vous concernant, collect\u00e9es et trait\u00e9es via les formulaires de contact de notre site, ne seront conserv\u00e9es que pour la dur\u00e9e du traitement de votre demande. Elles seront ensuite d\u00e9truites.<\/p>\n<p><strong>QUELS SONT VOS DROITS ?<\/strong><\/p>\n<p>Vous disposez d\u2019un droit d\u2019acc\u00e8s aux Donn\u00e9es vous concernant, du droit d\u2019en demander la rectification, l\u2019effacement ou la portabilit\u00e9, ainsi que du droit de demander la limitation du traitement de vos Donn\u00e9es, de retirer votre consentement et du droit de d\u00e9finir des directives sur le sort de vos Donn\u00e9es apr\u00e8s votre mort.<\/p>\n<p>Vous avez \u00e9galement la possibilit\u00e9 de vous opposer, \u00e0 tout moment aux traitements \u00e0 des fins de prospection mis en \u0153uvre par AXIESS et\/ou AXIESS FORMATION (pour les formations).<\/p>\n<p>Pour exercer vos droits, vous pouvez nous contacter :<\/p>\n<ul class=\"wp-block-list\">\n<li>par courriel : <a href=\"mailto:contact@axiess.fr\">contact@axiess.fr<\/a><\/li>\n<li>par courrier : AXIESS, donn\u00e9es personnelles, 1 rue du Landsberg 67210 OBERNAI<\/li>\n<\/ul>\n<p>Vous pouvez introduire une r\u00e9clamation aupr\u00e8s d\u2019une autorit\u00e9 de contr\u00f4le. En France, l\u2019autorit\u00e9 de contr\u00f4le est la : CNIL \u2013 3 place de Fontenoy \u2013 TSA 80715 \u2013 75334 PARIS CEDEX 07 \/ www.cnil.fr<\/p>\n<\/div><\/div><\/div><\/div><\/div>\n","protected":false},"excerpt":{"rendered":"","protected":false},"author":1,"featured_media":0,"parent":0,"menu_order":0,"comment_status":"closed","ping_status":"closed","template":"100-width.php","meta":{"_acf_changed":false,"footnotes":""},"class_list":["post-388","page","type-page","status-publish","hentry"],"acf":[],"yoast_head":"<!-- This site is optimized with the Yoast SEO plugin v27.5 - https:\/\/yoast.com\/product\/yoast-seo-wordpress\/ -->\n<title>Politique de confidentialit\u00e9 - Axiess<\/title>\n<meta name=\"robots\" content=\"noindex, follow, max-snippet:-1, max-image-preview:large, max-video-preview:-1\" \/>\n<meta property=\"og:locale\" content=\"fr_FR\" \/>\n<meta property=\"og:type\" content=\"article\" \/>\n<meta property=\"og:title\" content=\"Politique de confidentialit\u00e9 - Axiess\" \/>\n<meta property=\"og:url\" content=\"https:\/\/demo2.nexago.fr\/axiess\/politique-de-confidentialite\/\" \/>\n<meta property=\"og:site_name\" content=\"Axiess\" \/>\n<meta property=\"article:modified_time\" content=\"2026-03-24T15:59:53+00:00\" \/>\n<meta name=\"twitter:card\" content=\"summary_large_image\" \/>\n<meta name=\"twitter:label1\" content=\"Dur\u00e9e de lecture estim\u00e9e\" \/>\n\t<meta name=\"twitter:data1\" content=\"9 minutes\" \/>\n<script type=\"application\/ld+json\" class=\"yoast-schema-graph\">{\"@context\":\"https:\\\/\\\/schema.org\",\"@graph\":[{\"@type\":\"WebPage\",\"@id\":\"https:\\\/\\\/demo2.nexago.fr\\\/axiess\\\/politique-de-confidentialite\\\/\",\"url\":\"https:\\\/\\\/demo2.nexago.fr\\\/axiess\\\/politique-de-confidentialite\\\/\",\"name\":\"Politique de confidentialit\u00e9 - Axiess\",\"isPartOf\":{\"@id\":\"https:\\\/\\\/demo2.nexago.fr\\\/axiess\\\/#website\"},\"datePublished\":\"2025-06-18T11:39:39+00:00\",\"dateModified\":\"2026-03-24T15:59:53+00:00\",\"breadcrumb\":{\"@id\":\"https:\\\/\\\/demo2.nexago.fr\\\/axiess\\\/politique-de-confidentialite\\\/#breadcrumb\"},\"inLanguage\":\"fr-FR\",\"potentialAction\":[{\"@type\":\"ReadAction\",\"target\":[\"https:\\\/\\\/demo2.nexago.fr\\\/axiess\\\/politique-de-confidentialite\\\/\"]}]},{\"@type\":\"BreadcrumbList\",\"@id\":\"https:\\\/\\\/demo2.nexago.fr\\\/axiess\\\/politique-de-confidentialite\\\/#breadcrumb\",\"itemListElement\":[{\"@type\":\"ListItem\",\"position\":1,\"name\":\"Accueil\",\"item\":\"https:\\\/\\\/demo2.nexago.fr\\\/axiess\\\/\"},{\"@type\":\"ListItem\",\"position\":2,\"name\":\"Politique de confidentialit\u00e9\"}]},{\"@type\":\"WebSite\",\"@id\":\"https:\\\/\\\/demo2.nexago.fr\\\/axiess\\\/#website\",\"url\":\"https:\\\/\\\/demo2.nexago.fr\\\/axiess\\\/\",\"name\":\"Axiess\",\"description\":\"\",\"potentialAction\":[{\"@type\":\"SearchAction\",\"target\":{\"@type\":\"EntryPoint\",\"urlTemplate\":\"https:\\\/\\\/demo2.nexago.fr\\\/axiess\\\/?s={search_term_string}\"},\"query-input\":{\"@type\":\"PropertyValueSpecification\",\"valueRequired\":true,\"valueName\":\"search_term_string\"}}],\"inLanguage\":\"fr-FR\"}]}<\/script>\n<!-- \/ Yoast SEO plugin. -->","yoast_head_json":{"title":"Politique de confidentialit\u00e9 - Axiess","robots":{"index":"noindex","follow":"follow","max-snippet":"max-snippet:-1","max-image-preview":"max-image-preview:large","max-video-preview":"max-video-preview:-1"},"og_locale":"fr_FR","og_type":"article","og_title":"Politique de confidentialit\u00e9 - Axiess","og_url":"https:\/\/demo2.nexago.fr\/axiess\/politique-de-confidentialite\/","og_site_name":"Axiess","article_modified_time":"2026-03-24T15:59:53+00:00","twitter_card":"summary_large_image","twitter_misc":{"Dur\u00e9e de lecture estim\u00e9e":"9 minutes"},"schema":{"@context":"https:\/\/schema.org","@graph":[{"@type":"WebPage","@id":"https:\/\/demo2.nexago.fr\/axiess\/politique-de-confidentialite\/","url":"https:\/\/demo2.nexago.fr\/axiess\/politique-de-confidentialite\/","name":"Politique de confidentialit\u00e9 - Axiess","isPartOf":{"@id":"https:\/\/demo2.nexago.fr\/axiess\/#website"},"datePublished":"2025-06-18T11:39:39+00:00","dateModified":"2026-03-24T15:59:53+00:00","breadcrumb":{"@id":"https:\/\/demo2.nexago.fr\/axiess\/politique-de-confidentialite\/#breadcrumb"},"inLanguage":"fr-FR","potentialAction":[{"@type":"ReadAction","target":["https:\/\/demo2.nexago.fr\/axiess\/politique-de-confidentialite\/"]}]},{"@type":"BreadcrumbList","@id":"https:\/\/demo2.nexago.fr\/axiess\/politique-de-confidentialite\/#breadcrumb","itemListElement":[{"@type":"ListItem","position":1,"name":"Accueil","item":"https:\/\/demo2.nexago.fr\/axiess\/"},{"@type":"ListItem","position":2,"name":"Politique de confidentialit\u00e9"}]},{"@type":"WebSite","@id":"https:\/\/demo2.nexago.fr\/axiess\/#website","url":"https:\/\/demo2.nexago.fr\/axiess\/","name":"Axiess","description":"","potentialAction":[{"@type":"SearchAction","target":{"@type":"EntryPoint","urlTemplate":"https:\/\/demo2.nexago.fr\/axiess\/?s={search_term_string}"},"query-input":{"@type":"PropertyValueSpecification","valueRequired":true,"valueName":"search_term_string"}}],"inLanguage":"fr-FR"}]}},"_links":{"self":[{"href":"https:\/\/demo2.nexago.fr\/axiess\/wp-json\/wp\/v2\/pages\/388","targetHints":{"allow":["GET"]}}],"collection":[{"href":"https:\/\/demo2.nexago.fr\/axiess\/wp-json\/wp\/v2\/pages"}],"about":[{"href":"https:\/\/demo2.nexago.fr\/axiess\/wp-json\/wp\/v2\/types\/page"}],"author":[{"embeddable":true,"href":"https:\/\/demo2.nexago.fr\/axiess\/wp-json\/wp\/v2\/users\/1"}],"replies":[{"embeddable":true,"href":"https:\/\/demo2.nexago.fr\/axiess\/wp-json\/wp\/v2\/comments?post=388"}],"version-history":[{"count":18,"href":"https:\/\/demo2.nexago.fr\/axiess\/wp-json\/wp\/v2\/pages\/388\/revisions"}],"predecessor-version":[{"id":826,"href":"https:\/\/demo2.nexago.fr\/axiess\/wp-json\/wp\/v2\/pages\/388\/revisions\/826"}],"wp:attachment":[{"href":"https:\/\/demo2.nexago.fr\/axiess\/wp-json\/wp\/v2\/media?parent=388"}],"curies":[{"name":"wp","href":"https:\/\/api.w.org\/{rel}","templated":true}]}}